{"id":417,"date":"2021-09-29T19:05:20","date_gmt":"2021-09-29T19:05:20","guid":{"rendered":"http:\/\/192.168.1.31\/?page_id=417"},"modified":"2024-07-16T09:44:36","modified_gmt":"2024-07-16T07:44:36","slug":"entreprise-htm","status":"publish","type":"page","link":"https:\/\/pamaldeco.ch\/index.php\/entreprise-htm\/","title":{"rendered":"entreprise"},"content":{"rendered":"\n<table>\n  <tbody>\n<tr>\n<td width=\"500\" valign=\"top\" height=\"100\" align=\"left\"><\/td>\n    <td rowspan=\"2\" width=\"1700\" valign=\"top\" align=\"left\"><span class=\"title2\"> <br \/>\n\n      <\/span> <div class=\"formtexts\" align=\"justify\">\n        <p class=\"formtexts\">Pamaldeco fond\u00e9e en 1990 et implant\u00e9e au centre de\n          la Ville de Gen\u00e8ve aux Acacias. <\/p>\n        <p class=\"formtexts\">Entreprise pluridisciplinaire dans le domaine de\n                             la construction d&rsquo;agencement et architecture.\n                             Au fil des ann\u00e9es les prestations se sont d\u00e9velopp\u00e9es en\n          plusieurs d\u00e9partements (\u00e9tude, promotion et r\u00e9alisation)\n          et des nouveaux effectifs, jeunes professionnels, cr\u00e9atifs et motiv\u00e9s. <\/p>\n        <p class=\"formtexts\">Nous sommes munis des outils de communication et\n          illustration, les plus performants, pour nous assister dans nos multiples\n          interventions dans Internet, multim\u00e9dia, DAO\/CAO, etc.\u0085. Ces outils\n          nous ont permis de fournir des travaux fiables et rapides, solidifiant\n          nos priorit\u00e9s principales, ces sont la qualit\u00e9 et la s\u00e9curit\u00e9. <\/p>\n        <p class=\"formtexts\">Lors de nos diff\u00e9rents mandats nous avons acquis\n          une grande exp\u00e9rience et un savoir-faire dans la gestion et la planification\n          des projets. Respect des d\u00e9lais d&rsquo;interventions, des commandes, des\n          budgets, etc. <\/p>\n        <p class=\"formtexts\">Notre divise est privil\u00e9gier la diversification de\n          nos connaissances, et d&rsquo;approfondir les recherches des nouvelles technologies\n          afin de proposer un choix abondant des solutions, ceci gr\u00e2ce \u00e0 des documentations\n          et des produits nationaux et import\u00e9s. <\/p>\n      <\/div>\n      <div align=\"center\">\n        <pre class=\"contentdCopie\" align=\"center\"><a href=\"\/index.php\/consult_agencement.htm\">r\u00e9alisations<\/a>:<\/pre>\n      <\/div><\/td>\n\n    <td width=\"250\" valign=\"top\" height=\"100\" align=\"right\"><br \/><img loading=\"lazy\" decoding=\"async\" src=\"\/wp-content\/uploads\/2024\/05\/Entreprise.gif\" alt=\"Entreprise\" width=\"300\" height=\"225\" border=\"0\" align=\"right\">\n  <\/td>\n<\/tr><tr>\n\n<td width=\"500\" valign=\"top\" height=\"100\" align=\"right\"><\/td>\n    <td width=\"250\" valign=\"top\" height=\"100\" align=\"right\"><img loading=\"lazy\" decoding=\"async\" src=\"\/wp-content\/uploads\/2024\/05\/bus.gif\" alt=\"Bus\" width=\"300\" height=\"225\" border=\"0\" align=\"right\">&nbsp;<\/td><\/tr>\n\n<\/tbody><\/table>\n\n\n\n<p><\/p>\n\n\n\n<p><\/p>\n","protected":false},"excerpt":{"rendered":"<p>Pamaldeco fond\u00e9e en 1990 et implant\u00e9e au centre de la Ville de Gen\u00e8ve aux Acacias. Entreprise pluridisciplinaire dans le domaine de la construction d&rsquo;agencement et architecture. Au fil des ann\u00e9es les prestations se sont d\u00e9velopp\u00e9es en plusieurs d\u00e9partements (\u00e9tude, promotion et r\u00e9alisation) et des nouveaux effectifs, jeunes professionnels, cr\u00e9atifs et motiv\u00e9s. Nous sommes munis des [&hellip;]<\/p>\n","protected":false},"author":1,"featured_media":0,"parent":0,"menu_order":0,"comment_status":"closed","ping_status":"closed","template":"","meta":{"footnotes":""},"categories":[27,89,6,88,12,4,23],"tags":[],"class_list":["post-417","page","type-page","status-publish","hentry","category-ateliers","category-bureau-detudes","category-activite","category-entreprise","category-gestion","category-partenaires","category-toxite"],"_links":{"self":[{"href":"https:\/\/pamaldeco.ch\/index.php\/wp-json\/wp\/v2\/pages\/417","targetHints":{"allow":["GET"]}}],"collection":[{"href":"https:\/\/pamaldeco.ch\/index.php\/wp-json\/wp\/v2\/pages"}],"about":[{"href":"https:\/\/pamaldeco.ch\/index.php\/wp-json\/wp\/v2\/types\/page"}],"author":[{"embeddable":true,"href":"https:\/\/pamaldeco.ch\/index.php\/wp-json\/wp\/v2\/users\/1"}],"replies":[{"embeddable":true,"href":"https:\/\/pamaldeco.ch\/index.php\/wp-json\/wp\/v2\/comments?post=417"}],"version-history":[{"count":6,"href":"https:\/\/pamaldeco.ch\/index.php\/wp-json\/wp\/v2\/pages\/417\/revisions"}],"predecessor-version":[{"id":7417,"href":"https:\/\/pamaldeco.ch\/index.php\/wp-json\/wp\/v2\/pages\/417\/revisions\/7417"}],"wp:attachment":[{"href":"https:\/\/pamaldeco.ch\/index.php\/wp-json\/wp\/v2\/media?parent=417"}],"wp:term":[{"taxonomy":"category","embeddable":true,"href":"https:\/\/pamaldeco.ch\/index.php\/wp-json\/wp\/v2\/categories?post=417"},{"taxonomy":"post_tag","embeddable":true,"href":"https:\/\/pamaldeco.ch\/index.php\/wp-json\/wp\/v2\/tags?post=417"}],"curies":[{"name":"wp","href":"https:\/\/api.w.org\/{rel}","templated":true}]}}